{"id":906,"date":"2022-02-01T17:59:39","date_gmt":"2022-02-01T17:59:39","guid":{"rendered":"https:\/\/bfs.muenchner-alumni.de\/?page_id=906"},"modified":"2024-11-29T09:48:13","modified_gmt":"2024-11-29T08:48:13","slug":"imprint","status":"publish","type":"page","link":"https:\/\/bfs.muenchner-alumni.de\/?page_id=906","title":{"rendered":"Imprint"},"content":{"rendered":"\t\t<div data-elementor-type=\"wp-page\" data-elementor-id=\"906\" class=\"elementor elementor-906\">\n\t\t\t\t\t\t<section class=\"elementor-section elementor-top-section elementor-element elementor-element-acb4d0b elementor-section-content-middle elementor-section-boxed elementor-section-height-default elementor-section-height-default\" data-id=\"acb4d0b\" data-element_type=\"section\" data-e-type=\"section\">\n\t\t\t\t\t\t<div class=\"elementor-container elementor-column-gap-default\">\n\t\t\t\t\t<div class=\"elementor-column elementor-col-50 elementor-top-column elementor-element elementor-element-8f4b021\" data-id=\"8f4b021\" data-element_type=\"column\" data-e-type=\"column\">\n\t\t\t<div class=\"elementor-widget-wrap elementor-element-populated\">\n\t\t\t\t\t\t<div class=\"elementor-element elementor-element-f60779a elementor-widget elementor-widget-heading\" data-id=\"f60779a\" data-element_type=\"widget\" data-e-type=\"widget\" data-widget_type=\"heading.default\">\n\t\t\t\t<div class=\"elementor-widget-container\">\n\t\t\t\t\t<h2 class=\"elementor-heading-title elementor-size-default\">Impressum<\/h2>\t\t\t\t<\/div>\n\t\t\t\t<\/div>\n\t\t\t\t\t<\/div>\n\t\t<\/div>\n\t\t\t\t<div class=\"elementor-column elementor-col-50 elementor-top-column elementor-element elementor-element-3f5ebc8\" data-id=\"3f5ebc8\" data-element_type=\"column\" data-e-type=\"column\">\n\t\t\t<div class=\"elementor-widget-wrap\">\n\t\t\t\t\t\t\t<\/div>\n\t\t<\/div>\n\t\t\t\t\t<\/div>\n\t\t<\/section>\n\t\t\t\t<section class=\"elementor-section elementor-top-section elementor-element elementor-element-5039fa9 elementor-section-boxed elementor-section-height-default elementor-section-height-default\" data-id=\"5039fa9\" data-element_type=\"section\" data-e-type=\"section\">\n\t\t\t\t\t\t<div class=\"elementor-container elementor-column-gap-default\">\n\t\t\t\t\t<div class=\"elementor-column elementor-col-100 elementor-top-column elementor-element elementor-element-e581325\" data-id=\"e581325\" data-element_type=\"column\" data-e-type=\"column\">\n\t\t\t<div class=\"elementor-widget-wrap elementor-element-populated\">\n\t\t\t\t\t\t<div class=\"elementor-element elementor-element-d8ef415 elementor-widget elementor-widget-heading\" data-id=\"d8ef415\" data-element_type=\"widget\" data-e-type=\"widget\" data-widget_type=\"heading.default\">\n\t\t\t\t<div class=\"elementor-widget-container\">\n\t\t\t\t\t<h4 class=\"elementor-heading-title elementor-size-default\">Angaben gem\u00e4\u00df \u00a7 5 TMB<\/h4>\t\t\t\t<\/div>\n\t\t\t\t<\/div>\n\t\t\t\t<div class=\"elementor-element elementor-element-ccc71a1 elementor-widget elementor-widget-text-editor\" data-id=\"ccc71a1\" data-element_type=\"widget\" data-e-type=\"widget\" data-widget_type=\"text-editor.default\">\n\t\t\t\t<div class=\"elementor-widget-container\">\n\t\t\t\t\t\t\t\t\t<p>Martin Ried<br \/>Waldstra\u00dfe 3c<br \/>D-82319 Starnberg<br \/>Germany<\/p>\t\t\t\t\t\t\t\t<\/div>\n\t\t\t\t<\/div>\n\t\t\t\t<div class=\"elementor-element elementor-element-a9c027b elementor-widget elementor-widget-heading\" data-id=\"a9c027b\" data-element_type=\"widget\" data-e-type=\"widget\" data-widget_type=\"heading.default\">\n\t\t\t\t<div class=\"elementor-widget-container\">\n\t\t\t\t\t<h4 class=\"elementor-heading-title elementor-size-default\">Kontakt<\/h4>\t\t\t\t<\/div>\n\t\t\t\t<\/div>\n\t\t\t\t<div class=\"elementor-element elementor-element-081d54c elementor-widget elementor-widget-text-editor\" data-id=\"081d54c\" data-element_type=\"widget\" data-e-type=\"widget\" data-widget_type=\"text-editor.default\">\n\t\t\t\t<div class=\"elementor-widget-container\">\n\t\t\t\t\t\t\t\t\t<p>Martin Ried<br>Waldstra\u00dfe 3c<br>D-82319 Starnberg<br>Germany<br>\nEmail: <a href=\"mailto:info@baeumestarnberg.de\">info@baeumestarnberg.de<\/a><\/p>\t\t\t\t\t\t\t\t<\/div>\n\t\t\t\t<\/div>\n\t\t\t\t<div class=\"elementor-element elementor-element-e10a1ca elementor-widget elementor-widget-heading\" data-id=\"e10a1ca\" data-element_type=\"widget\" data-e-type=\"widget\" data-widget_type=\"heading.default\">\n\t\t\t\t<div class=\"elementor-widget-container\">\n\t\t\t\t\t<h4 class=\"elementor-heading-title elementor-size-default\">Redaktionell verantwortlich<\/h4>\t\t\t\t<\/div>\n\t\t\t\t<\/div>\n\t\t\t\t<div class=\"elementor-element elementor-element-4d47304 elementor-widget elementor-widget-text-editor\" data-id=\"4d47304\" data-element_type=\"widget\" data-e-type=\"widget\" data-widget_type=\"text-editor.default\">\n\t\t\t\t<div class=\"elementor-widget-container\">\n\t\t\t\t\t\t\t\t\t<p>Martin Ried<br \/>Waldstra\u00dfe 3c<br \/>D-82319 Starnberg<br \/>Germany<\/p>\t\t\t\t\t\t\t\t<\/div>\n\t\t\t\t<\/div>\n\t\t\t\t<div class=\"elementor-element elementor-element-4c12b75 elementor-widget elementor-widget-heading\" data-id=\"4c12b75\" data-element_type=\"widget\" data-e-type=\"widget\" data-widget_type=\"heading.default\">\n\t\t\t\t<div class=\"elementor-widget-container\">\n\t\t\t\t\t<h4 class=\"elementor-heading-title elementor-size-default\">EU-Streitschlichtung<\/h4>\t\t\t\t<\/div>\n\t\t\t\t<\/div>\n\t\t\t\t<div class=\"elementor-element elementor-element-5d1bb5c elementor-widget elementor-widget-text-editor\" data-id=\"5d1bb5c\" data-element_type=\"widget\" data-e-type=\"widget\" data-widget_type=\"text-editor.default\">\n\t\t\t\t<div class=\"elementor-widget-container\">\n\t\t\t\t\t\t\t\t\t<p>Die Europ\u00e4ische Kommission stellt eine Plattform zur Online-Streitbeilegung (OS) bereit: <a href=\"https:\/\/ec.europa.eu\/consumers\/odr\/\" target=\"_blank\" rel=\"noopener noreferrer\">https:\/\/ec.europa.eu\/consumers\/odr<\/a>.<br \/>Unsere E-Mail-Adresse finden Sie oben im Impressum.<\/p>\t\t\t\t\t\t\t\t<\/div>\n\t\t\t\t<\/div>\n\t\t\t\t<div class=\"elementor-element elementor-element-0f923d3 elementor-widget elementor-widget-heading\" data-id=\"0f923d3\" data-element_type=\"widget\" data-e-type=\"widget\" data-widget_type=\"heading.default\">\n\t\t\t\t<div class=\"elementor-widget-container\">\n\t\t\t\t\t<h4 class=\"elementor-heading-title elementor-size-default\">Copyright und Bildquellen<\/h4>\t\t\t\t<\/div>\n\t\t\t\t<\/div>\n\t\t\t\t<div class=\"elementor-element elementor-element-91987fc elementor-widget elementor-widget-text-editor\" data-id=\"91987fc\" data-element_type=\"widget\" data-e-type=\"widget\" data-widget_type=\"text-editor.default\">\n\t\t\t\t<div class=\"elementor-widget-container\">\n\t\t\t\t\t\t\t\t\t<p>Martin Ried<br>Irmgard Franken<br>Gordon Johnson, Alex Tim, Nico Wall, Bruno Gl\u00e4sch (Pixabay)<\/p>\t\t\t\t\t\t\t\t<\/div>\n\t\t\t\t<\/div>\n\t\t\t\t\t<\/div>\n\t\t<\/div>\n\t\t\t\t\t<\/div>\n\t\t<\/section>\n\t\t\t\t<\/div>\n\t\t","protected":false},"excerpt":{"rendered":"<p>Impressum Angaben gem\u00e4\u00df \u00a7 5 TMB Martin RiedWaldstra\u00dfe 3cD-82319 StarnbergGermany Kontakt Martin RiedWaldstra\u00dfe 3cD-82319 StarnbergGermany Email: info@baeumestarnberg.de Redaktionell verantwortlich Martin RiedWaldstra\u00dfe 3cD-82319 [&hellip;]<\/p>\n","protected":false},"author":1,"featured_media":0,"parent":0,"menu_order":0,"comment_status":"closed","ping_status":"closed","template":"page-templates\/page_front-page.php","meta":{"footnotes":""},"class_list":["post-906","page","type-page","status-publish","hentry"],"yoast_head":"<!-- This site is optimized with the Yoast SEO plugin v27.4 - https:\/\/yoast.com\/product\/yoast-seo-wordpress\/ -->\n<title>Imprint - B\u00e4ume f\u00fcr Starnberg<\/title>\n<meta name=\"description\" content=\"Imprint\" \/>\n<meta name=\"robots\" content=\"noindex, nofollow\" \/>\n<meta property=\"og:locale\" content=\"de_DE\" \/>\n<meta property=\"og:type\" content=\"article\" \/>\n<meta property=\"og:title\" content=\"Imprint - B\u00e4ume f\u00fcr Starnberg\" \/>\n<meta property=\"og:description\" content=\"Imprint\" \/>\n<meta property=\"og:url\" content=\"https:\/\/bfs.muenchner-alumni.de\/?page_id=906\" \/>\n<meta property=\"og:site_name\" content=\"B\u00e4ume f\u00fcr Starnberg\" \/>\n<meta property=\"article:modified_time\" content=\"2024-11-29T08:48:13+00:00\" \/>\n<meta property=\"og:image\" content=\"https:\/\/bfs.muenchner-alumni.de\/wp-content\/uploads\/2022\/02\/oak-3762946-scaled.jpg\" \/>\n\t<meta property=\"og:image:width\" content=\"2560\" \/>\n\t<meta property=\"og:image:height\" content=\"1707\" \/>\n\t<meta property=\"og:image:type\" content=\"image\/jpeg\" \/>\n<meta name=\"twitter:card\" content=\"summary_large_image\" \/>\n<meta name=\"twitter:label1\" content=\"Gesch\u00e4tzte Lesezeit\" \/>\n\t<meta name=\"twitter:data1\" content=\"1\u00a0Minute\" \/>\n<script type=\"application\/ld+json\" class=\"yoast-schema-graph\">{\"@context\":\"https:\\\/\\\/schema.org\",\"@graph\":[{\"@type\":\"WebPage\",\"@id\":\"https:\\\/\\\/bfs.muenchner-alumni.de\\\/?page_id=906\",\"url\":\"https:\\\/\\\/bfs.muenchner-alumni.de\\\/?page_id=906\",\"name\":\"Imprint - B\u00e4ume f\u00fcr Starnberg\",\"isPartOf\":{\"@id\":\"https:\\\/\\\/bfs.muenchner-alumni.de\\\/#website\"},\"datePublished\":\"2022-02-01T17:59:39+00:00\",\"dateModified\":\"2024-11-29T08:48:13+00:00\",\"description\":\"Imprint\",\"breadcrumb\":{\"@id\":\"https:\\\/\\\/bfs.muenchner-alumni.de\\\/?page_id=906#breadcrumb\"},\"inLanguage\":\"de\",\"potentialAction\":[{\"@type\":\"ReadAction\",\"target\":[\"https:\\\/\\\/bfs.muenchner-alumni.de\\\/?page_id=906\"]}]},{\"@type\":\"BreadcrumbList\",\"@id\":\"https:\\\/\\\/bfs.muenchner-alumni.de\\\/?page_id=906#breadcrumb\",\"itemListElement\":[{\"@type\":\"ListItem\",\"position\":1,\"name\":\"Startseite\",\"item\":\"https:\\\/\\\/bfs.muenchner-alumni.de\\\/\"},{\"@type\":\"ListItem\",\"position\":2,\"name\":\"Imprint\"}]},{\"@type\":\"WebSite\",\"@id\":\"https:\\\/\\\/bfs.muenchner-alumni.de\\\/#website\",\"url\":\"https:\\\/\\\/bfs.muenchner-alumni.de\\\/\",\"name\":\"B\u00e4ume f\u00fcr Starnberg\",\"description\":\"\",\"publisher\":{\"@id\":\"https:\\\/\\\/bfs.muenchner-alumni.de\\\/#organization\"},\"potentialAction\":[{\"@type\":\"SearchAction\",\"target\":{\"@type\":\"EntryPoint\",\"urlTemplate\":\"https:\\\/\\\/bfs.muenchner-alumni.de\\\/?s={search_term_string}\"},\"query-input\":{\"@type\":\"PropertyValueSpecification\",\"valueRequired\":true,\"valueName\":\"search_term_string\"}}],\"inLanguage\":\"de\"},{\"@type\":\"Organization\",\"@id\":\"https:\\\/\\\/bfs.muenchner-alumni.de\\\/#organization\",\"name\":\"B\u00e4ume f\u00fcr Starnberg\",\"url\":\"https:\\\/\\\/bfs.muenchner-alumni.de\\\/\",\"logo\":{\"@type\":\"ImageObject\",\"inLanguage\":\"de\",\"@id\":\"https:\\\/\\\/bfs.muenchner-alumni.de\\\/#\\\/schema\\\/logo\\\/image\\\/\",\"url\":\"https:\\\/\\\/bfs.muenchner-alumni.de\\\/wp-content\\\/uploads\\\/2022\\\/02\\\/Tree02.png\",\"contentUrl\":\"https:\\\/\\\/bfs.muenchner-alumni.de\\\/wp-content\\\/uploads\\\/2022\\\/02\\\/Tree02.png\",\"width\":1537,\"height\":1920,\"caption\":\"B\u00e4ume f\u00fcr Starnberg\"},\"image\":{\"@id\":\"https:\\\/\\\/bfs.muenchner-alumni.de\\\/#\\\/schema\\\/logo\\\/image\\\/\"}}]}<\/script>\n<!-- \/ Yoast SEO plugin. -->","yoast_head_json":{"title":"Imprint - B\u00e4ume f\u00fcr Starnberg","description":"Imprint","robots":{"index":"noindex","follow":"nofollow"},"og_locale":"de_DE","og_type":"article","og_title":"Imprint - B\u00e4ume f\u00fcr Starnberg","og_description":"Imprint","og_url":"https:\/\/bfs.muenchner-alumni.de\/?page_id=906","og_site_name":"B\u00e4ume f\u00fcr Starnberg","article_modified_time":"2024-11-29T08:48:13+00:00","og_image":[{"width":2560,"height":1707,"url":"https:\/\/bfs.muenchner-alumni.de\/wp-content\/uploads\/2022\/02\/oak-3762946-scaled.jpg","type":"image\/jpeg"}],"twitter_card":"summary_large_image","twitter_misc":{"Gesch\u00e4tzte Lesezeit":"1\u00a0Minute"},"schema":{"@context":"https:\/\/schema.org","@graph":[{"@type":"WebPage","@id":"https:\/\/bfs.muenchner-alumni.de\/?page_id=906","url":"https:\/\/bfs.muenchner-alumni.de\/?page_id=906","name":"Imprint - B\u00e4ume f\u00fcr Starnberg","isPartOf":{"@id":"https:\/\/bfs.muenchner-alumni.de\/#website"},"datePublished":"2022-02-01T17:59:39+00:00","dateModified":"2024-11-29T08:48:13+00:00","description":"Imprint","breadcrumb":{"@id":"https:\/\/bfs.muenchner-alumni.de\/?page_id=906#breadcrumb"},"inLanguage":"de","potentialAction":[{"@type":"ReadAction","target":["https:\/\/bfs.muenchner-alumni.de\/?page_id=906"]}]},{"@type":"BreadcrumbList","@id":"https:\/\/bfs.muenchner-alumni.de\/?page_id=906#breadcrumb","itemListElement":[{"@type":"ListItem","position":1,"name":"Startseite","item":"https:\/\/bfs.muenchner-alumni.de\/"},{"@type":"ListItem","position":2,"name":"Imprint"}]},{"@type":"WebSite","@id":"https:\/\/bfs.muenchner-alumni.de\/#website","url":"https:\/\/bfs.muenchner-alumni.de\/","name":"B\u00e4ume f\u00fcr Starnberg","description":"","publisher":{"@id":"https:\/\/bfs.muenchner-alumni.de\/#organization"},"potentialAction":[{"@type":"SearchAction","target":{"@type":"EntryPoint","urlTemplate":"https:\/\/bfs.muenchner-alumni.de\/?s={search_term_string}"},"query-input":{"@type":"PropertyValueSpecification","valueRequired":true,"valueName":"search_term_string"}}],"inLanguage":"de"},{"@type":"Organization","@id":"https:\/\/bfs.muenchner-alumni.de\/#organization","name":"B\u00e4ume f\u00fcr Starnberg","url":"https:\/\/bfs.muenchner-alumni.de\/","logo":{"@type":"ImageObject","inLanguage":"de","@id":"https:\/\/bfs.muenchner-alumni.de\/#\/schema\/logo\/image\/","url":"https:\/\/bfs.muenchner-alumni.de\/wp-content\/uploads\/2022\/02\/Tree02.png","contentUrl":"https:\/\/bfs.muenchner-alumni.de\/wp-content\/uploads\/2022\/02\/Tree02.png","width":1537,"height":1920,"caption":"B\u00e4ume f\u00fcr Starnberg"},"image":{"@id":"https:\/\/bfs.muenchner-alumni.de\/#\/schema\/logo\/image\/"}}]}},"_links":{"self":[{"href":"https:\/\/bfs.muenchner-alumni.de\/index.php?rest_route=\/wp\/v2\/pages\/906","targetHints":{"allow":["GET"]}}],"collection":[{"href":"https:\/\/bfs.muenchner-alumni.de\/index.php?rest_route=\/wp\/v2\/pages"}],"about":[{"href":"https:\/\/bfs.muenchner-alumni.de\/index.php?rest_route=\/wp\/v2\/types\/page"}],"author":[{"embeddable":true,"href":"https:\/\/bfs.muenchner-alumni.de\/index.php?rest_route=\/wp\/v2\/users\/1"}],"replies":[{"embeddable":true,"href":"https:\/\/bfs.muenchner-alumni.de\/index.php?rest_route=%2Fwp%2Fv2%2Fcomments&post=906"}],"version-history":[{"count":38,"href":"https:\/\/bfs.muenchner-alumni.de\/index.php?rest_route=\/wp\/v2\/pages\/906\/revisions"}],"predecessor-version":[{"id":1426,"href":"https:\/\/bfs.muenchner-alumni.de\/index.php?rest_route=\/wp\/v2\/pages\/906\/revisions\/1426"}],"wp:attachment":[{"href":"https:\/\/bfs.muenchner-alumni.de\/index.php?rest_route=%2Fwp%2Fv2%2Fmedia&parent=906"}],"curies":[{"name":"wp","href":"https:\/\/api.w.org\/{rel}","templated":true}]}}